{"id":11,"date":"2025-09-10T09:56:53","date_gmt":"2025-09-10T09:56:53","guid":{"rendered":"https:\/\/anmido.com\/?page_id=11"},"modified":"2025-09-12T08:59:15","modified_gmt":"2025-09-12T08:59:15","slug":"home","status":"publish","type":"page","link":"https:\/\/anmido.com\/","title":{"rendered":"Home"},"content":{"rendered":"\t\t<div data-elementor-type=\"wp-page\" data-elementor-id=\"11\" class=\"elementor elementor-11\">\n\t\t\t\t<div class=\"elementor-element elementor-element-fbd4c35 e-flex e-con-boxed e-con e-parent\" data-id=\"fbd4c35\" data-element_type=\"container\" data-settings=\"{&quot;background_background&quot;:&quot;classic&quot;}\">\n\t\t\t\t\t<div class=\"e-con-inner\">\n\t\t<div class=\"elementor-element elementor-element-d31353b e-con-full e-flex e-con e-child\" data-id=\"d31353b\" data-element_type=\"container\">\n\t\t\t\t<div class=\"elementor-element elementor-element-9a1c64e elementor-invisible elementor-widget elementor-widget-heading\" data-id=\"9a1c64e\" data-element_type=\"widget\" data-settings=\"{&quot;_animation&quot;:&quot;fadeInLeft&quot;}\" data-widget_type=\"heading.default\">\n\t\t\t\t\t<h2 class=\"elementor-heading-title elementor-size-default\">Fema vita \u2013 eine gute Wahl f\u00fcr schwangere und stillende Frauen<\/h2>\t\t\t\t<\/div>\n\t\t\t\t<div class=\"elementor-element elementor-element-960968b elementor-invisible elementor-widget elementor-widget-text-editor\" data-id=\"960968b\" data-element_type=\"widget\" data-settings=\"{&quot;_animation&quot;:&quot;fadeInLeft&quot;,&quot;_animation_delay&quot;:200}\" data-widget_type=\"text-editor.default\">\n\t\t\t\t\t\t\t\t\t<p>Bietet ausreichend N\u00e4hrstoffe, die f\u00fcr die Verbindung zwischen Mutter und Kind notwendig sind<\/p>\t\t\t\t\t\t\t\t<\/div>\n\t\t\t\t<div class=\"elementor-element elementor-element-5043895 elementor-tablet-align-center elementor-invisible elementor-widget elementor-widget-button\" data-id=\"5043895\" data-element_type=\"widget\" data-settings=\"{&quot;_animation&quot;:&quot;bounceIn&quot;,&quot;_animation_delay&quot;:200}\" data-widget_type=\"button.default\">\n\t\t\t\t\t\t\t\t\t\t<a class=\"elementor-button elementor-button-link elementor-size-sm\" href=\"#\">\n\t\t\t\t\t\t<span class=\"elementor-button-content-wrapper\">\n\t\t\t\t\t\t\t\t\t<span class=\"elementor-button-text\">Entdecken sie jetzt<\/span>\n\t\t\t\t\t<\/span>\n\t\t\t\t\t<\/a>\n\t\t\t\t\t\t\t\t<\/div>\n\t\t\t\t<div class=\"elementor-element elementor-element-fcdc301 elementor-absolute elementor-invisible elementor-widget elementor-widget-image\" data-id=\"fcdc301\" data-element_type=\"widget\" data-settings=\"{&quot;_position&quot;:&quot;absolute&quot;,&quot;_animation&quot;:&quot;lightSpeedIn&quot;}\" data-widget_type=\"image.default\">\n\t\t\t\t\t\t\t\t\t\t\t\t\t\t\t<img decoding=\"async\" width=\"139\" height=\"181\" src=\"https:\/\/anmido.com\/wp-content\/uploads\/2025\/09\/laCay.png\" class=\"attachment-large size-large wp-image-50\" alt=\"Green\" \/>\t\t\t\t\t\t\t\t\t\t\t\t\t\t\t<\/div>\n\t\t\t\t<div class=\"elementor-element elementor-element-1669f7d elementor-absolute animated-slow elementor-invisible elementor-widget elementor-widget-image\" data-id=\"1669f7d\" data-element_type=\"widget\" data-settings=\"{&quot;_position&quot;:&quot;absolute&quot;,&quot;_animation&quot;:&quot;zoomInDown&quot;,&quot;_animation_delay&quot;:300}\" data-widget_type=\"image.default\">\n\t\t\t\t\t\t\t\t\t\t\t\t\t\t\t<img decoding=\"async\" width=\"139\" height=\"181\" src=\"https:\/\/anmido.com\/wp-content\/uploads\/2025\/09\/laCay.png\" class=\"attachment-large size-large wp-image-50\" alt=\"Green\" \/>\t\t\t\t\t\t\t\t\t\t\t\t\t\t\t<\/div>\n\t\t\t\t<\/div>\n\t\t<div class=\"elementor-element elementor-element-adfd190 e-con-full e-flex e-con e-child\" data-id=\"adfd190\" data-element_type=\"container\">\n\t\t\t\t<div class=\"elementor-element elementor-element-caa0cdb elementor-absolute elementor-invisible elementor-widget elementor-widget-image\" data-id=\"caa0cdb\" data-element_type=\"widget\" data-settings=\"{&quot;_position&quot;:&quot;absolute&quot;,&quot;_animation&quot;:&quot;zoomInDown&quot;,&quot;_animation_delay&quot;:150}\" data-widget_type=\"image.default\">\n\t\t\t\t\t\t\t\t\t\t\t\t\t\t\t<img decoding=\"async\" width=\"107\" height=\"105\" src=\"https:\/\/anmido.com\/wp-content\/uploads\/2025\/09\/4.png\" class=\"attachment-large size-large wp-image-113\" alt=\"Image 1\" \/>\t\t\t\t\t\t\t\t\t\t\t\t\t\t\t<\/div>\n\t\t\t\t<div class=\"elementor-element elementor-element-9194783 elementor-absolute elementor-invisible elementor-widget elementor-widget-image\" data-id=\"9194783\" data-element_type=\"widget\" data-settings=\"{&quot;_position&quot;:&quot;absolute&quot;,&quot;_animation&quot;:&quot;zoomInUp&quot;,&quot;_animation_delay&quot;:100}\" data-widget_type=\"image.default\">\n\t\t\t\t\t\t\t\t\t\t\t\t\t\t\t<img decoding=\"async\" width=\"69\" height=\"69\" src=\"https:\/\/anmido.com\/wp-content\/uploads\/2025\/09\/2.png\" class=\"attachment-large size-large wp-image-111\" alt=\"Potato\" \/>\t\t\t\t\t\t\t\t\t\t\t\t\t\t\t<\/div>\n\t\t\t\t<div class=\"elementor-element elementor-element-b5fbdf2 elementor-absolute elementor-invisible elementor-widget elementor-widget-image\" data-id=\"b5fbdf2\" data-element_type=\"widget\" data-settings=\"{&quot;_position&quot;:&quot;absolute&quot;,&quot;_animation&quot;:&quot;bounceIn&quot;,&quot;_animation_delay&quot;:200}\" data-widget_type=\"image.default\">\n\t\t\t\t\t\t\t\t\t\t\t\t\t\t\t<img loading=\"lazy\" decoding=\"async\" width=\"66\" height=\"71\" src=\"https:\/\/anmido.com\/wp-content\/uploads\/2025\/09\/3.png\" class=\"attachment-large size-large wp-image-114\" alt=\"Thucvat\" \/>\t\t\t\t\t\t\t\t\t\t\t\t\t\t\t<\/div>\n\t\t\t\t<div class=\"elementor-element elementor-element-5eb6354 elementor-absolute elementor-invisible elementor-widget elementor-widget-image\" data-id=\"5eb6354\" data-element_type=\"widget\" data-settings=\"{&quot;_position&quot;:&quot;absolute&quot;,&quot;_animation&quot;:&quot;bounceIn&quot;,&quot;_animation_delay&quot;:250}\" data-widget_type=\"image.default\">\n\t\t\t\t\t\t\t\t\t\t\t\t\t\t\t<img loading=\"lazy\" decoding=\"async\" width=\"83\" height=\"89\" src=\"https:\/\/anmido.com\/wp-content\/uploads\/2025\/09\/5.png\" class=\"attachment-large size-large wp-image-112\" alt=\"Carrot\" \/>\t\t\t\t\t\t\t\t\t\t\t\t\t\t\t<\/div>\n\t\t\t\t<div class=\"elementor-element elementor-element-1ccdaf4 elementor-invisible elementor-widget elementor-widget-image\" data-id=\"1ccdaf4\" data-element_type=\"widget\" data-settings=\"{&quot;_animation&quot;:&quot;zoomInDown&quot;}\" data-widget_type=\"image.default\">\n\t\t\t\t\t\t\t\t\t\t\t\t\t\t\t<img loading=\"lazy\" decoding=\"async\" width=\"800\" height=\"800\" src=\"https:\/\/anmido.com\/wp-content\/uploads\/2025\/09\/heroBanner-1024x1024.png\" class=\"attachment-large size-large wp-image-18\" alt=\"\" srcset=\"https:\/\/anmido.com\/wp-content\/uploads\/2025\/09\/heroBanner-1024x1024.png 1024w, https:\/\/anmido.com\/wp-content\/uploads\/2025\/09\/heroBanner-300x300.png 300w, https:\/\/anmido.com\/wp-content\/uploads\/2025\/09\/heroBanner-150x150.png 150w, https:\/\/anmido.com\/wp-content\/uploads\/2025\/09\/heroBanner-768x769.png 768w, https:\/\/anmido.com\/wp-content\/uploads\/2025\/09\/heroBanner-1534x1536.png 1534w, https:\/\/anmido.com\/wp-content\/uploads\/2025\/09\/heroBanner.png 1611w\" sizes=\"(max-width: 800px) 100vw, 800px\" \/>\t\t\t\t\t\t\t\t\t\t\t\t\t\t\t<\/div>\n\t\t\t\t<\/div>\n\t\t\t\t\t<\/div>\n\t\t\t\t<\/div>\n\t\t<div class=\"elementor-element elementor-element-22da7af e-flex e-con-boxed e-con e-parent\" data-id=\"22da7af\" data-element_type=\"container\" data-settings=\"{&quot;background_background&quot;:&quot;classic&quot;}\">\n\t\t\t\t\t<div class=\"e-con-inner\">\n\t\t<div class=\"elementor-element elementor-element-07e25df e-con-full e-flex elementor-invisible e-con e-child\" data-id=\"07e25df\" data-element_type=\"container\" data-settings=\"{&quot;background_background&quot;:&quot;classic&quot;,&quot;animation&quot;:&quot;bounceInDown&quot;}\">\n\t\t\t\t<div class=\"elementor-element elementor-element-12eb77d elementor-widget elementor-widget-heading\" data-id=\"12eb77d\" data-element_type=\"widget\" data-widget_type=\"heading.default\">\n\t\t\t\t\t<h2 class=\"elementor-heading-title elementor-size-default\">Fema Vita 1<\/h2>\t\t\t\t<\/div>\n\t\t\t\t<div class=\"elementor-element elementor-element-7fac7b3 elementor-widget elementor-widget-image\" data-id=\"7fac7b3\" data-element_type=\"widget\" data-widget_type=\"image.default\">\n\t\t\t\t\t\t\t\t\t\t\t\t\t\t\t<img loading=\"lazy\" decoding=\"async\" width=\"621\" height=\"505\" src=\"https:\/\/anmido.com\/wp-content\/uploads\/2025\/09\/femaVita1.png\" class=\"attachment-large size-large wp-image-15\" alt=\"Fema Vita 1\" srcset=\"https:\/\/anmido.com\/wp-content\/uploads\/2025\/09\/femaVita1.png 621w, https:\/\/anmido.com\/wp-content\/uploads\/2025\/09\/femaVita1-300x244.png 300w\" sizes=\"(max-width: 621px) 100vw, 621px\" \/>\t\t\t\t\t\t\t\t\t\t\t\t\t\t\t<\/div>\n\t\t\t\t<\/div>\n\t\t<div class=\"elementor-element elementor-element-c1d4073 e-con-full e-flex elementor-invisible e-con e-child\" data-id=\"c1d4073\" data-element_type=\"container\" data-settings=\"{&quot;background_background&quot;:&quot;classic&quot;,&quot;animation&quot;:&quot;bounceInUp&quot;}\">\n\t\t\t\t<div class=\"elementor-element elementor-element-8afbe69 elementor-widget elementor-widget-heading\" data-id=\"8afbe69\" data-element_type=\"widget\" data-widget_type=\"heading.default\">\n\t\t\t\t\t<h2 class=\"elementor-heading-title elementor-size-default\">Fema Vita 2<\/h2>\t\t\t\t<\/div>\n\t\t\t\t<div class=\"elementor-element elementor-element-982c430 elementor-widget elementor-widget-image\" data-id=\"982c430\" data-element_type=\"widget\" data-widget_type=\"image.default\">\n\t\t\t\t\t\t\t\t\t\t\t\t\t\t\t<img loading=\"lazy\" decoding=\"async\" width=\"636\" height=\"518\" src=\"https:\/\/anmido.com\/wp-content\/uploads\/2025\/09\/femaVita2.png\" class=\"attachment-large size-large wp-image-16\" alt=\"Fema Vita 2\" srcset=\"https:\/\/anmido.com\/wp-content\/uploads\/2025\/09\/femaVita2.png 636w, https:\/\/anmido.com\/wp-content\/uploads\/2025\/09\/femaVita2-300x244.png 300w\" sizes=\"(max-width: 636px) 100vw, 636px\" \/>\t\t\t\t\t\t\t\t\t\t\t\t\t\t\t<\/div>\n\t\t\t\t<\/div>\n\t\t\t\t\t<\/div>\n\t\t\t\t<\/div>\n\t\t<div class=\"elementor-element elementor-element-ee37388 e-flex e-con-boxed e-con e-parent\" data-id=\"ee37388\" data-element_type=\"container\">\n\t\t\t\t\t<div class=\"e-con-inner\">\n\t\t<div class=\"elementor-element elementor-element-14cc5ec e-con-full e-flex e-con e-child\" data-id=\"14cc5ec\" data-element_type=\"container\">\n\t\t\t\t<div class=\"elementor-element elementor-element-681ad3c elementor-invisible elementor-widget elementor-widget-heading\" data-id=\"681ad3c\" data-element_type=\"widget\" data-settings=\"{&quot;_animation&quot;:&quot;fadeInLeft&quot;}\" data-widget_type=\"heading.default\">\n\t\t\t\t\t<h2 class=\"elementor-heading-title elementor-size-default\">Neue Reise, vollkommenes Gl\u00fcck<\/h2>\t\t\t\t<\/div>\n\t\t\t\t<div class=\"elementor-element elementor-element-80f9d4b elementor-invisible elementor-widget elementor-widget-text-editor\" data-id=\"80f9d4b\" data-element_type=\"widget\" data-settings=\"{&quot;_animation&quot;:&quot;fadeInLeft&quot;,&quot;_animation_delay&quot;:200}\" data-widget_type=\"text-editor.default\">\n\t\t\t\t\t\t\t\t\t<p>Anmido, eine f\u00fchrende Marke im Bereich der Gesundheitsversorgung f\u00fcr Mutter und Kind. Mit Ursprung in Deutschland bietet Anmido hochwertige Nahrungserg\u00e4nzungsmittel, die gr\u00fcndlich erforscht wurden, um die besonderen Bed\u00fcrfnisse von werdenden M\u00fcttern und kleinen Kindern zu erf\u00fcllen.<\/p>\t\t\t\t\t\t\t\t<\/div>\n\t\t\t\t<\/div>\n\t\t<div class=\"elementor-element elementor-element-152ccfd e-con-full e-flex e-con e-child\" data-id=\"152ccfd\" data-element_type=\"container\">\n\t\t\t\t<div class=\"elementor-element elementor-element-b852542 elementor-invisible elementor-widget elementor-widget-image\" data-id=\"b852542\" data-element_type=\"widget\" data-settings=\"{&quot;_animation&quot;:&quot;fadeInRight&quot;}\" data-widget_type=\"image.default\">\n\t\t\t\t\t\t\t\t\t\t\t\t\t\t\t<img loading=\"lazy\" decoding=\"async\" width=\"800\" height=\"882\" src=\"https:\/\/anmido.com\/wp-content\/uploads\/2025\/09\/phunumangthai-929x1024.png\" class=\"attachment-large size-large wp-image-21\" alt=\"Mebau\" srcset=\"https:\/\/anmido.com\/wp-content\/uploads\/2025\/09\/phunumangthai-929x1024.png 929w, https:\/\/anmido.com\/wp-content\/uploads\/2025\/09\/phunumangthai-272x300.png 272w, https:\/\/anmido.com\/wp-content\/uploads\/2025\/09\/phunumangthai-768x846.png 768w, https:\/\/anmido.com\/wp-content\/uploads\/2025\/09\/phunumangthai.png 1109w\" sizes=\"(max-width: 800px) 100vw, 800px\" \/>\t\t\t\t\t\t\t\t\t\t\t\t\t\t\t<\/div>\n\t\t\t\t<\/div>\n\t\t\t\t\t<\/div>\n\t\t\t\t<\/div>\n\t\t<div class=\"elementor-element elementor-element-b3f7ddb e-flex e-con-boxed e-con e-parent\" data-id=\"b3f7ddb\" data-element_type=\"container\">\n\t\t\t\t\t<div class=\"e-con-inner\">\n\t\t<div class=\"elementor-element elementor-element-31d3073 e-con-full e-flex e-con e-child\" data-id=\"31d3073\" data-element_type=\"container\">\n\t\t\t\t<div class=\"elementor-element elementor-element-9bce309 elementor-invisible elementor-widget elementor-widget-image\" data-id=\"9bce309\" data-element_type=\"widget\" data-settings=\"{&quot;_animation&quot;:&quot;fadeInLeft&quot;}\" data-widget_type=\"image.default\">\n\t\t\t\t\t\t\t\t\t\t\t\t\t\t\t<img loading=\"lazy\" decoding=\"async\" width=\"612\" height=\"407\" src=\"https:\/\/anmido.com\/wp-content\/uploads\/2025\/09\/nature.jpg\" class=\"attachment-large size-large wp-image-20\" alt=\"umsere\" srcset=\"https:\/\/anmido.com\/wp-content\/uploads\/2025\/09\/nature.jpg 612w, https:\/\/anmido.com\/wp-content\/uploads\/2025\/09\/nature-300x200.jpg 300w\" sizes=\"(max-width: 612px) 100vw, 612px\" \/>\t\t\t\t\t\t\t\t\t\t\t\t\t\t\t<\/div>\n\t\t\t\t<\/div>\n\t\t<div class=\"elementor-element elementor-element-3d57b77 e-con-full e-flex e-con e-child\" data-id=\"3d57b77\" data-element_type=\"container\">\n\t\t\t\t<div class=\"elementor-element elementor-element-df750f7 elementor-invisible elementor-widget elementor-widget-heading\" data-id=\"df750f7\" data-element_type=\"widget\" data-settings=\"{&quot;_animation&quot;:&quot;zoomIn&quot;}\" data-widget_type=\"heading.default\">\n\t\t\t\t\t<h2 class=\"elementor-heading-title elementor-size-default\">Unsere Umwelt<\/h2>\t\t\t\t<\/div>\n\t\t\t\t<div class=\"elementor-element elementor-element-f424a15 elementor-invisible elementor-widget elementor-widget-text-editor\" data-id=\"f424a15\" data-element_type=\"widget\" data-settings=\"{&quot;_animation&quot;:&quot;fadeInUp&quot;}\" data-widget_type=\"text-editor.default\">\n\t\t\t\t\t\t\t\t\t<p>Dabei folgen wir stets dem Motto &#8220;Produktion geht Hand in Hand mit Umweltschutz&#8221;<\/p>\t\t\t\t\t\t\t\t<\/div>\n\t\t\t\t<div class=\"elementor-element elementor-element-bed9ecf elementor-invisible elementor-widget elementor-widget-text-editor\" data-id=\"bed9ecf\" data-element_type=\"widget\" data-settings=\"{&quot;_animation&quot;:&quot;fadeInUp&quot;}\" data-widget_type=\"text-editor.default\">\n\t\t\t\t\t\t\t\t\t<p>F\u00fcr uns sind sowohl Produktion als auch Umweltschutz wichtig. Deshalb setzen wir einerseits auf nat\u00fcrliche Produkte \u2013 andererseits sind wir bestrebt, Flora und Fauna zu sch\u00fctzen und m\u00f6glichst wenig CO\u2082-Emissionen zu hinterlassen.<\/p>\t\t\t\t\t\t\t\t<\/div>\n\t\t\t\t<div class=\"elementor-element elementor-element-dd27bb2 elementor-invisible elementor-widget elementor-widget-text-editor\" data-id=\"dd27bb2\" data-element_type=\"widget\" data-settings=\"{&quot;_animation&quot;:&quot;fadeInUp&quot;}\" data-widget_type=\"text-editor.default\">\n\t\t\t\t\t\t\t\t\t<p>Wir glauben, dass jede kleine Aktion einen gro\u00dfen Unterschied f\u00fcr den Planeten bewirken kann. Deshalb w\u00e4hlen wir nachhaltige Materialien und minimieren den Einsatz nicht erneuerbarer Ressourcen im Produktionsprozess. Gleichzeitig verbessern wir kontinuierlich unsere Prozesse, um Abfall zu reduzieren und die Energieeffizienz zu optimieren.<\/p>\t\t\t\t\t\t\t\t<\/div>\n\t\t\t\t<\/div>\n\t\t\t\t\t<\/div>\n\t\t\t\t<\/div>\n\t\t<div class=\"elementor-element elementor-element-d2ec270 e-flex e-con-boxed e-con e-parent\" data-id=\"d2ec270\" data-element_type=\"container\">\n\t\t\t\t\t<div class=\"e-con-inner\">\n\t\t\t\t<div class=\"elementor-element elementor-element-7d73336 elementor-invisible elementor-widget elementor-widget-heading\" data-id=\"7d73336\" data-element_type=\"widget\" data-settings=\"{&quot;_animation&quot;:&quot;zoomIn&quot;}\" data-widget_type=\"heading.default\">\n\t\t\t\t\t<h2 class=\"elementor-heading-title elementor-size-default\">Unsere Umwelt<\/h2>\t\t\t\t<\/div>\n\t\t\t\t<div class=\"elementor-element elementor-element-e79009d elementor-invisible elementor-widget elementor-widget-ucaddon_post_carousel\" data-id=\"e79009d\" data-element_type=\"widget\" data-settings=\"{&quot;_animation&quot;:&quot;zoomIn&quot;}\" data-widget_type=\"ucaddon_post_carousel.default\">\n\t\t\t\t<div class=\"elementor-widget-container\">\n\t\t\t\t\t\n<!-- start Post Carousel -->\n\t\t<link id='font-awesome-css' href='https:\/\/anmido.com\/wp-content\/plugins\/unlimited-elements-for-elementor\/assets_libraries\/font-awesome6\/fontawesome-all.min.css' type='text\/css' rel='stylesheet' >\n\t\t<link id='font-awesome-4-shim-css' href='https:\/\/anmido.com\/wp-content\/plugins\/unlimited-elements-for-elementor\/assets_libraries\/font-awesome6\/fontawesome-v4-shims.min.css' type='text\/css' rel='stylesheet' >\n\t\t<link id='owl-carousel-css' href='https:\/\/anmido.com\/wp-content\/plugins\/unlimited-elements-for-elementor\/assets_libraries\/owl-carousel-new\/assets\/owl.carousel.css' type='text\/css' rel='stylesheet' >\n\t\t<link id='lity-css' href='https:\/\/anmido.com\/wp-content\/plugins\/unlimited-elements-for-elementor\/assets_libraries\/lity\/lity.min.css' type='text\/css' rel='stylesheet' >\n\n<style>\/* widget: Post Carousel *\/\n\n#uc_post_carousel_elementor_e79009d-wrapper{\n  min-height:1px;\n}\n\n#uc_post_carousel_elementor_e79009d *{\n  box-sizing:border-box;\n}\n\n#uc_post_carousel_elementor_e79009d .ue-grid-item-category a{\n  white-space: nowrap;\n}\n\n\n#uc_post_carousel_elementor_e79009d{\n  position:relative;\n}\n\n.uc_post_title{\n  font-size:21px;\n}\n\n#uc_post_carousel_elementor_e79009d .ue-item{\n  transition:0.3s;\n  position:relative;\n}\n\n#uc_post_carousel_elementor_e79009d .uc_image_carousel_placeholder{\n  position:relative;\n}\n\n#uc_post_carousel_elementor_e79009d .ue_pos_carousel_image_overlay{\n  position:absolute;\n  top:0;\n  bottom:0;\n  left:0;\n  right:0;\n  transition:0.3s;\n}\n\n#uc_post_carousel_elementor_e79009d .owl-stage{\n  display:flex;\n}\n\n#uc_post_carousel_elementor_e79009d .uc_image_carousel_container_holder{\n  display: flex;\n  flex-direction: column;\n  height: 100%;\n}\n\n#uc_post_carousel_elementor_e79009d .uc_image_carousel_content{\n  flex-grow: 1;\n  justify-content: space-between;}\n\n\n#uc_post_carousel_elementor_e79009d .uc_carousel_item{\n  overflow:hidden;\n}\n\n#uc_post_carousel_elementor_e79009d .owl-nav .owl-prev{\n    position:absolute;\n    display:inline-block;\n    text-align:center;  \t\n    \t\n}\n\n#uc_post_carousel_elementor_e79009d .owl-nav .owl-next{\n  position:absolute;\n  display:inline-block;\n  text-align:center;\n  \t\n}\n\n#uc_post_carousel_elementor_e79009d .owl-dots {\n  overflow:hidden;\n  display:flex !important;\n}\n\n#uc_post_carousel_elementor_e79009d .owl-dot {\n  border-radius:50%;\n  display:inline-block;\n  padding: 0;\n}\n\n#uc_post_carousel_elementor_e79009d .uc_more_btn{\n  display:inline-block;\n  text-align:center;\n  text-decoration:none;\n}  \n\n#uc_post_carousel_elementor_e79009d .uc_more_btn svg{\n  width:1em;\n  height:1em;\n}\n\n#uc_post_carousel_elementor_e79009d .uc_image_carousel_placeholder{\n  overflow:hidden;\n}\n\n#uc_post_carousel_elementor_e79009d .uc_image_carousel_placeholder img{\n  display:block;\n  width:100%;\n}\n\n#uc_post_carousel_elementor_e79009d .uc_image_carousel_content {\n  display:flex;\n  flex-direction:column;\n}\n\n\t#uc_post_carousel_elementor_e79009d .uc_image_carousel_content .ue-item-btn-holder    {\n      margin-top:auto;\n    } \n\t\n\n\n\n\n\n\n\n\n\n#uc_post_carousel_elementor_e79009d .ue-meta-data{  \n  display:flex !important;\n  flex-wrap: wrap;\n  line-height:1em;\n}\n\n#uc_post_carousel_elementor_e79009d .ue-grid-item-meta-data{\n      display:inline-flex;\n      align-items:center;\n}\n\n.ue-grid-item-meta-data{\n  font-size:12px;\n}\n\n#uc_post_carousel_elementor_e79009d .ue-grid-item-meta-data-icon{\n  line-height:1em;\n}\n\n#uc_post_carousel_elementor_e79009d .ue-grid-item-meta-data-icon svg{\n  width:1em;\n  height:1em;\n}\n\n#uc_post_carousel_elementor_e79009d .ue-debug-meta{\n  padding:10px;\n  border:1px solid red;\n  position:relative;\n  line-height:1.5em;\n  font-size:11px;\n  width:100%;\n}\n\n\n\t#uc_post_carousel_elementor_e79009d .owl-stage        {\n            transition-timing-function: linear!important;\n        }\n\n#uc_post_carousel_elementor_e79009d .owl-nav .owl-prev.disabled,\n#uc_post_carousel_elementor_e79009d .owl-nav .owl-next.disabled {\n   display: none;\n}\n\n<\/style>\n\n<div class=\"uc_overlay_image_carousel\" id=\"uc_post_carousel_elementor_e79009d-wrapper\">\n  <div class=\"uc_carousel owl-carousel owl-theme uc-items-wrapper  \" data-custom-sethtml=\"true\"  data-id=\"\" id=\"uc_post_carousel_elementor_e79009d\" >\n    \n  <\/div>\t\n<\/div>\n\n  <div class=\"ue-no-posts-found\">No posts found<\/div>\n\n<!-- end Post Carousel -->\t\t\t\t<\/div>\n\t\t\t\t<\/div>\n\t\t\t\t\t<\/div>\n\t\t\t\t<\/div>\n\t\t\t\t<\/div>\n\t\t","protected":false},"excerpt":{"rendered":"<p>Fema vita \u2013 eine gute Wahl f\u00fcr schwangere und stillende Frauen Bietet ausreichend N\u00e4hrstoffe, die f\u00fcr die Verbindung zwischen Mutter und Kind notwendig sind Entdecken sie jetzt Fema Vita 1 Fema Vita 2 Neue Reise, vollkommenes Gl\u00fcck Anmido, eine f\u00fchrende Marke im Bereich der Gesundheitsversorgung f\u00fcr Mutter und Kind. Mit Ursprung in Deutschland bietet Anmido [&hellip;]<\/p>\n","protected":false},"author":1,"featured_media":0,"parent":0,"menu_order":0,"comment_status":"closed","ping_status":"closed","template":"elementor_header_footer","meta":{"_eb_attr":"","footnotes":""},"class_list":["post-11","page","type-page","status-publish","hentry"],"rttpg_featured_image_url":null,"rttpg_author":{"display_name":"anmido","author_link":"https:\/\/anmido.com\/?author=1"},"rttpg_comment":0,"rttpg_category":null,"rttpg_excerpt":"Fema vita \u2013 eine gute Wahl f\u00fcr schwangere und stillende Frauen Bietet ausreichend N\u00e4hrstoffe, die f\u00fcr die Verbindung zwischen Mutter und Kind notwendig sind Entdecken sie jetzt Fema Vita 1 Fema Vita 2 Neue Reise, vollkommenes Gl\u00fcck Anmido, eine f\u00fchrende Marke im Bereich der Gesundheitsversorgung f\u00fcr Mutter und Kind. Mit Ursprung in Deutschland bietet Anmido&hellip;","_links":{"self":[{"href":"https:\/\/anmido.com\/index.php?rest_route=\/wp\/v2\/pages\/11","targetHints":{"allow":["GET"]}}],"collection":[{"href":"https:\/\/anmido.com\/index.php?rest_route=\/wp\/v2\/pages"}],"about":[{"href":"https:\/\/anmido.com\/index.php?rest_route=\/wp\/v2\/types\/page"}],"author":[{"embeddable":true,"href":"https:\/\/anmido.com\/index.php?rest_route=\/wp\/v2\/users\/1"}],"replies":[{"embeddable":true,"href":"https:\/\/anmido.com\/index.php?rest_route=%2Fwp%2Fv2%2Fcomments&post=11"}],"version-history":[{"count":56,"href":"https:\/\/anmido.com\/index.php?rest_route=\/wp\/v2\/pages\/11\/revisions"}],"predecessor-version":[{"id":291,"href":"https:\/\/anmido.com\/index.php?rest_route=\/wp\/v2\/pages\/11\/revisions\/291"}],"wp:attachment":[{"href":"https:\/\/anmido.com\/index.php?rest_route=%2Fwp%2Fv2%2Fmedia&parent=11"}],"curies":[{"name":"wp","href":"https:\/\/api.w.org\/{rel}","templated":true}]}}