{"id":38,"date":"2025-09-10T10:13:18","date_gmt":"2025-09-10T10:13:18","guid":{"rendered":"https:\/\/anmido.com\/?page_id=38"},"modified":"2025-09-17T02:14:03","modified_gmt":"2025-09-17T02:14:03","slug":"contact","status":"publish","type":"page","link":"https:\/\/anmido.com\/?page_id=38","title":{"rendered":"Contact"},"content":{"rendered":"\t\t<div data-elementor-type=\"wp-page\" data-elementor-id=\"38\" class=\"elementor elementor-38\">\n\t\t\t\t<div class=\"elementor-element elementor-element-5bc3a1d e-flex e-con-boxed e-con e-parent\" data-id=\"5bc3a1d\" data-element_type=\"container\" data-settings=\"{&quot;background_background&quot;:&quot;classic&quot;}\">\n\t\t\t\t\t<div class=\"e-con-inner\">\n\t\t<div class=\"elementor-element elementor-element-7e26129 e-con-full e-flex e-con e-child\" data-id=\"7e26129\" data-element_type=\"container\">\n\t\t\t\t<div class=\"elementor-element elementor-element-1691a81 elementor-widget elementor-widget-heading\" data-id=\"1691a81\" data-element_type=\"widget\" data-widget_type=\"heading.default\">\n\t\t\t\t\t<h2 class=\"elementor-heading-title elementor-size-default\">Wir freuen uns auf Ihre Nachricht\n<\/h2>\t\t\t\t<\/div>\n\t\t\t\t<div class=\"elementor-element elementor-element-5ff5369 elementor-widget elementor-widget-text-editor\" data-id=\"5ff5369\" data-element_type=\"widget\" data-widget_type=\"text-editor.default\">\n\t\t\t\t\t\t\t\t\t<p>Bei Dotanutri e.K. legen wir gro\u00dfen Wert auf den pers\u00f6nlichen Kontakt zu unseren Kunden, Partnern und Interessenten. Ob Sie Fragen zu unseren Produkten haben, an einer Zusammenarbeit interessiert sind oder uns einfach Ihre Meinung mitteilen m\u00f6chten \u2013 wir freuen uns auf Ihre Nachricht und stehen Ihnen gerne zur Verf\u00fcgung.<\/p>\t\t\t\t\t\t\t\t<\/div>\n\t\t\t\t<\/div>\n\t\t\t\t\t<\/div>\n\t\t\t\t<\/div>\n\t\t<div class=\"elementor-element elementor-element-5690808 e-flex e-con-boxed e-con e-parent\" data-id=\"5690808\" data-element_type=\"container\" data-settings=\"{&quot;background_background&quot;:&quot;classic&quot;}\">\n\t\t\t\t\t<div class=\"e-con-inner\">\n\t\t<div class=\"elementor-element elementor-element-9bfbd6d e-con-full e-flex e-con e-child\" data-id=\"9bfbd6d\" data-element_type=\"container\">\n\t\t\t\t<div class=\"elementor-element elementor-element-3da01b5 elementor-widget elementor-widget-heading\" data-id=\"3da01b5\" data-element_type=\"widget\" data-widget_type=\"heading.default\">\n\t\t\t\t\t<h2 class=\"elementor-heading-title elementor-size-default\">Kontaktformular<\/h2>\t\t\t\t<\/div>\n\t\t\t\t<div class=\"elementor-element elementor-element-e7d7488 elementor-widget elementor-widget-text-editor\" data-id=\"e7d7488\" data-element_type=\"widget\" data-widget_type=\"text-editor.default\">\n\t\t\t\t\t\t\t\t\t<p>Sie k\u00f6nnen uns auch gerne \u00fcber unser Kontaktformular eine Nachricht zukommen lassen. Wir bem\u00fchen uns, alle Anfragen innerhalb von 24 Stunden zu beantworten.\u00a0F\u00fcr eine schnelle und zielgerichtete Bearbeitung Ihrer Anfrage bitten wir Sie, uns m\u00f6glichst detaillierte Informationen zu Ihrem Anliegen mitzuteilen.<\/p>\t\t\t\t\t\t\t\t<\/div>\n\t\t<div class=\"elementor-element elementor-element-7ef32a1 e-con-full e-flex e-con e-child\" data-id=\"7ef32a1\" data-element_type=\"container\">\n\t\t\t\t<div class=\"elementor-element elementor-element-992d1b7 elementor-widget elementor-widget-heading\" data-id=\"992d1b7\" data-element_type=\"widget\" data-widget_type=\"heading.default\">\n\t\t\t\t\t<h2 class=\"elementor-heading-title elementor-size-default\">Firmensitz:<\/h2>\t\t\t\t<\/div>\n\t\t\t\t<div class=\"elementor-element elementor-element-f3ee7f5 elementor-widget elementor-widget-text-editor\" data-id=\"f3ee7f5\" data-element_type=\"widget\" data-widget_type=\"text-editor.default\">\n\t\t\t\t\t\t\t\t\t<p>\u00a0Elbgaustra\u00dfe 69a, 22523 Hamburg Deutschland.<\/p>\t\t\t\t\t\t\t\t<\/div>\n\t\t\t\t<\/div>\n\t\t<div class=\"elementor-element elementor-element-1941fac e-con-full e-flex e-con e-child\" data-id=\"1941fac\" data-element_type=\"container\">\n\t\t\t\t<div class=\"elementor-element elementor-element-eb92a5d elementor-widget elementor-widget-heading\" data-id=\"eb92a5d\" data-element_type=\"widget\" data-widget_type=\"heading.default\">\n\t\t\t\t\t<h2 class=\"elementor-heading-title elementor-size-default\">Kontaktdaten: <\/h2>\t\t\t\t<\/div>\n\t\t\t\t<div class=\"elementor-element elementor-element-c8cc307 elementor-widget elementor-widget-text-editor\" data-id=\"c8cc307\" data-element_type=\"widget\" data-widget_type=\"text-editor.default\">\n\t\t\t\t\t\t\t\t\t<p><i>E-Mail: info@anmido.com<\/i><\/p>\t\t\t\t\t\t\t\t<\/div>\n\t\t\t\t<div class=\"elementor-element elementor-element-181e055 elementor-widget elementor-widget-text-editor\" data-id=\"181e055\" data-element_type=\"widget\" data-widget_type=\"text-editor.default\">\n\t\t\t\t\t\t\t\t\t<p><i>Website: anmido.com<\/i><\/p>\t\t\t\t\t\t\t\t<\/div>\n\t\t\t\t<\/div>\n\t\t<div class=\"elementor-element elementor-element-4afb2e2 e-con-full e-flex e-con e-child\" data-id=\"4afb2e2\" data-element_type=\"container\">\n\t\t\t\t<div class=\"elementor-element elementor-element-978ac23 elementor-widget elementor-widget-heading\" data-id=\"978ac23\" data-element_type=\"widget\" data-widget_type=\"heading.default\">\n\t\t\t\t\t<h2 class=\"elementor-heading-title elementor-size-default\">Gesch\u00e4ftszeiten:<\/h2>\t\t\t\t<\/div>\n\t\t\t\t<div class=\"elementor-element elementor-element-f2b04c5 elementor-widget elementor-widget-text-editor\" data-id=\"f2b04c5\" data-element_type=\"widget\" data-widget_type=\"text-editor.default\">\n\t\t\t\t\t\t\t\t\t<p><i>Montag bis Freitag: 9:00 \u2013 17:00<\/i><\/p>\t\t\t\t\t\t\t\t<\/div>\n\t\t\t\t<div class=\"elementor-element elementor-element-f282230 elementor-widget elementor-widget-text-editor\" data-id=\"f282230\" data-element_type=\"widget\" data-widget_type=\"text-editor.default\">\n\t\t\t\t\t\t\t\t\t<p><i>Uhr Samstag und Sonntag: Geschlossen<\/i><\/p>\t\t\t\t\t\t\t\t<\/div>\n\t\t\t\t<div class=\"elementor-element elementor-element-29b8628 elementor-widget elementor-widget-text-editor\" data-id=\"29b8628\" data-element_type=\"widget\" data-widget_type=\"text-editor.default\">\n\t\t\t\t\t\t\t\t\t<div class=\"fusion-layout-column fusion_builder_column fusion-builder-column-3 fusion_builder_column_2_5 2_5 fusion-flex-column fusion-animated\" data-animationtype=\"fadeInUp\" data-animationduration=\"1.3\" data-animationoffset=\"top-into-view\"><div class=\"fusion-column-wrapper fusion-column-has-shadow fusion-flex-justify-content-flex-start fusion-content-layout-column\"><div class=\"fusion-text fusion-text-9\"><p><i>An gesetzlichen Feiertagen in Hamburg ist unser B\u00fcro ebenfalls geschlossen.<\/i><\/p><\/div><\/div><\/div>\t\t\t\t\t\t\t\t<\/div>\n\t\t\t\t<\/div>\n\t\t\t\t<\/div>\n\t\t<div class=\"elementor-element elementor-element-23b4afd e-con-full e-flex e-con e-child\" data-id=\"23b4afd\" data-element_type=\"container\" data-settings=\"{&quot;background_background&quot;:&quot;classic&quot;}\">\n\t\t\t\t<div class=\"elementor-element elementor-element-d317cd1 elementor-widget elementor-widget-wpforms\" data-id=\"d317cd1\" data-element_type=\"widget\" data-widget_type=\"wpforms.default\">\n\t\t\t\t<div class=\"elementor-widget-container\">\n\t\t\t\t\t<style id=\"wpforms-css-vars-elementor-widget-d317cd1\">\n\t\t\t\t.elementor-widget-wpforms.elementor-element-d317cd1 {\n\t\t\t\t--wpforms-label-color: #FFFFFF;\n--wpforms-button-border-radius: 21px;\n--wpforms-button-background-color: #965F44;\n--wpforms-field-size-input-height: 50px;\n--wpforms-field-size-input-spacing: 20px;\n--wpforms-field-size-font-size: 18px;\n--wpforms-field-size-line-height: 21px;\n--wpforms-field-size-padding-h: 14px;\n--wpforms-field-size-checkbox-size: 18px;\n--wpforms-field-size-sublabel-spacing: 10px;\n--wpforms-field-size-icon-size: 1.25;\n--wpforms-label-size-font-size: 18px;\n--wpforms-label-size-line-height: 21px;\n--wpforms-label-size-sublabel-font-size: 16px;\n--wpforms-label-size-sublabel-line-height: 19px;\n\n\t\t\t}\n\t\t\t<\/style><div class=\"wpforms-container wpforms-container-full wpforms-render-modern\" id=\"wpforms-243\"><form id=\"wpforms-form-243\" class=\"wpforms-validate wpforms-form wpforms-ajax-form\" data-formid=\"243\" method=\"post\" enctype=\"multipart\/form-data\" action=\"\/index.php?rest_route=%2Fwp%2Fv2%2Fpages%2F38\" data-token=\"96b751f2e152ea1fd826e64885c6dc27\" data-token-time=\"1776410195\"><noscript class=\"wpforms-error-noscript\">Please enable JavaScript in your browser to complete this form.<\/noscript><div id=\"wpforms-error-noscript\" style=\"display: none;\">Please enable JavaScript in your browser to complete this form.<\/div><div class=\"wpforms-field-container\"><div id=\"wpforms-243-field_1-container\" class=\"wpforms-field wpforms-field-text\" data-field-id=\"1\"><label class=\"wpforms-field-label\" for=\"wpforms-243-field_1\">VORNAME<\/label><input type=\"text\" id=\"wpforms-243-field_1\" class=\"wpforms-field-large\" name=\"wpforms[fields][1]\" placeholder=\"First name\" aria-errormessage=\"wpforms-243-field_1-error\" ><\/div><div id=\"wpforms-243-field_2-container\" class=\"wpforms-field wpforms-field-text\" data-field-id=\"2\"><label class=\"wpforms-field-label\" for=\"wpforms-243-field_2\">NACHNAME<\/label><input type=\"text\" id=\"wpforms-243-field_2\" class=\"wpforms-field-large\" name=\"wpforms[fields][2]\" placeholder=\"Last name\" aria-errormessage=\"wpforms-243-field_2-error\" ><\/div><div id=\"wpforms-243-field_4-container\" class=\"wpforms-field wpforms-field-email\" data-field-id=\"4\"><label class=\"wpforms-field-label\" for=\"wpforms-243-field_4\">EMAIL <span class=\"wpforms-required-label\" aria-hidden=\"true\">*<\/span><\/label><input type=\"email\" id=\"wpforms-243-field_4\" class=\"wpforms-field-large wpforms-field-required\" name=\"wpforms[fields][4]\" spellcheck=\"false\" aria-errormessage=\"wpforms-243-field_4-error\" required><\/div><div id=\"wpforms-243-field_5-container\" class=\"wpforms-field wpforms-field-text\" data-field-id=\"5\"><label class=\"wpforms-field-label\" for=\"wpforms-243-field_5\">IHR THEMA<\/label><input type=\"text\" id=\"wpforms-243-field_5\" class=\"wpforms-field-large\" name=\"wpforms[fields][5]\" placeholder=\"Your topic\" aria-errormessage=\"wpforms-243-field_5-error\" ><\/div>\t\t<div id=\"wpforms-243-field_3-container\"\n\t\t\tclass=\"wpforms-field wpforms-field-text\"\n\t\t\tdata-field-type=\"text\"\n\t\t\tdata-field-id=\"3\"\n\t\t\t>\n\t\t\t<label class=\"wpforms-field-label\" for=\"wpforms-243-field_3\" >THEMA WIE WIR<\/label>\n\t\t\t<input type=\"text\" id=\"wpforms-243-field_3\" class=\"wpforms-field-medium\" name=\"wpforms[fields][3]\" >\n\t\t<\/div>\n\t\t<div id=\"wpforms-243-field_6-container\" class=\"wpforms-field wpforms-field-textarea\" data-field-id=\"6\"><label class=\"wpforms-field-label\" for=\"wpforms-243-field_6\">WIE K\u00d6NNEN WIR IHNEN HELFEN?<\/label><textarea id=\"wpforms-243-field_6\" class=\"wpforms-field-medium\" name=\"wpforms[fields][6]\" placeholder=\"How can we help you?\" aria-errormessage=\"wpforms-243-field_6-error\" ><\/textarea><\/div><script>\n\t\t\t\t( function() {\n\t\t\t\t\tconst style = document.createElement( 'style' );\n\t\t\t\t\tstyle.appendChild( document.createTextNode( '#wpforms-243-field_3-container { position: absolute !important; overflow: hidden !important; display: inline !important; height: 1px !important; width: 1px !important; z-index: -1000 !important; padding: 0 !important; } #wpforms-243-field_3-container input { visibility: hidden; } #wpforms-conversational-form-page #wpforms-243-field_3-container label { counter-increment: none; }' ) );\n\t\t\t\t\tdocument.head.appendChild( style );\n\t\t\t\t\tdocument.currentScript?.remove();\n\t\t\t\t} )();\n\t\t\t<\/script><\/div><!-- .wpforms-field-container --><div class=\"wpforms-submit-container\" ><input type=\"hidden\" name=\"wpforms[id]\" value=\"243\"><input type=\"hidden\" name=\"page_title\" value=\"\"><input type=\"hidden\" name=\"page_url\" value=\"https:\/\/anmido.com\/index.php?rest_route=\/wp\/v2\/pages\/38\"><input type=\"hidden\" name=\"url_referer\" value=\"\"><button type=\"submit\" name=\"wpforms[submit]\" id=\"wpforms-submit-243\" class=\"wpforms-submit\" data-alt-text=\"Senden.....\" data-submit-text=\"Senden\" aria-live=\"assertive\" value=\"wpforms-submit\">Senden<\/button><img decoding=\"async\" src=\"https:\/\/anmido.com\/wp-content\/plugins\/wpforms-lite\/assets\/images\/submit-spin.svg\" class=\"wpforms-submit-spinner\" style=\"display: none;\" width=\"26\" height=\"26\" alt=\"Loading\"><\/div><\/form><\/div>  <!-- .wpforms-container -->\t\t\t\t<\/div>\n\t\t\t\t<\/div>\n\t\t\t\t<\/div>\n\t\t\t\t\t<\/div>\n\t\t\t\t<\/div>\n\t\t<div class=\"elementor-element elementor-element-6ca30f1 e-con-full e-flex e-con e-parent\" data-id=\"6ca30f1\" data-element_type=\"container\">\n\t\t<div class=\"elementor-element elementor-element-6423424 e-con-full e-flex e-con e-child\" data-id=\"6423424\" data-element_type=\"container\">\n\t\t\t\t<div class=\"elementor-element elementor-element-0d4769c elementor-widget elementor-widget-google_maps\" data-id=\"0d4769c\" data-element_type=\"widget\" data-widget_type=\"google_maps.default\">\n\t\t\t\t\t\t\t<div class=\"elementor-custom-embed\">\n\t\t\t<iframe loading=\"lazy\"\n\t\t\t\t\tsrc=\"https:\/\/maps.google.com\/maps?q=%C2%A0Elbgaustra%C3%9Fe%2069a%2C%2022523%20Hamburg%20Deutschland.&#038;t=m&#038;z=10&#038;output=embed&#038;iwloc=near\"\n\t\t\t\t\ttitle=\"\u00a0Elbgaustra\u00dfe 69a, 22523 Hamburg Deutschland.\"\n\t\t\t\t\taria-label=\"\u00a0Elbgaustra\u00dfe 69a, 22523 Hamburg Deutschland.\"\n\t\t\t><\/iframe>\n\t\t<\/div>\n\t\t\t\t\t\t<\/div>\n\t\t\t\t<\/div>\n\t\t\t\t<\/div>\n\t\t\t\t<\/div>\n\t\t","protected":false},"excerpt":{"rendered":"<p>Wir freuen uns auf Ihre Nachricht Bei Dotanutri e.K. legen wir gro\u00dfen Wert auf den pers\u00f6nlichen Kontakt zu unseren Kunden, Partnern und Interessenten. Ob Sie Fragen zu unseren Produkten haben, an einer Zusammenarbeit interessiert sind oder uns einfach Ihre Meinung mitteilen m\u00f6chten \u2013 wir freuen uns auf Ihre Nachricht und stehen Ihnen gerne zur Verf\u00fcgung. [&hellip;]<\/p>\n","protected":false},"author":1,"featured_media":0,"parent":0,"menu_order":0,"comment_status":"closed","ping_status":"closed","template":"elementor_header_footer","meta":{"_eb_attr":"","footnotes":""},"class_list":["post-38","page","type-page","status-publish","hentry"],"rttpg_featured_image_url":null,"rttpg_author":{"display_name":"anmido","author_link":"https:\/\/anmido.com\/?author=1"},"rttpg_comment":0,"rttpg_category":null,"rttpg_excerpt":"Wir freuen uns auf Ihre Nachricht Bei Dotanutri e.K. legen wir gro\u00dfen Wert auf den pers\u00f6nlichen Kontakt zu unseren Kunden, Partnern und Interessenten. Ob Sie Fragen zu unseren Produkten haben, an einer Zusammenarbeit interessiert sind oder uns einfach Ihre Meinung mitteilen m\u00f6chten \u2013 wir freuen uns auf Ihre Nachricht und stehen Ihnen gerne zur Verf\u00fcgung.&hellip;","_links":{"self":[{"href":"https:\/\/anmido.com\/index.php?rest_route=\/wp\/v2\/pages\/38","targetHints":{"allow":["GET"]}}],"collection":[{"href":"https:\/\/anmido.com\/index.php?rest_route=\/wp\/v2\/pages"}],"about":[{"href":"https:\/\/anmido.com\/index.php?rest_route=\/wp\/v2\/types\/page"}],"author":[{"embeddable":true,"href":"https:\/\/anmido.com\/index.php?rest_route=\/wp\/v2\/users\/1"}],"replies":[{"embeddable":true,"href":"https:\/\/anmido.com\/index.php?rest_route=%2Fwp%2Fv2%2Fcomments&post=38"}],"version-history":[{"count":13,"href":"https:\/\/anmido.com\/index.php?rest_route=\/wp\/v2\/pages\/38\/revisions"}],"predecessor-version":[{"id":294,"href":"https:\/\/anmido.com\/index.php?rest_route=\/wp\/v2\/pages\/38\/revisions\/294"}],"wp:attachment":[{"href":"https:\/\/anmido.com\/index.php?rest_route=%2Fwp%2Fv2%2Fmedia&parent=38"}],"curies":[{"name":"wp","href":"https:\/\/api.w.org\/{rel}","templated":true}]}}