{"id":43,"date":"2025-09-10T10:14:53","date_gmt":"2025-09-10T10:14:53","guid":{"rendered":"https:\/\/anmido.com\/?page_id=43"},"modified":"2025-09-11T09:28:59","modified_gmt":"2025-09-11T09:28:59","slug":"about","status":"publish","type":"page","link":"https:\/\/anmido.com\/?page_id=43","title":{"rendered":"About"},"content":{"rendered":"\t\t<div data-elementor-type=\"wp-page\" data-elementor-id=\"43\" class=\"elementor elementor-43\">\n\t\t\t\t<div class=\"elementor-element elementor-element-9614a3e e-flex e-con-boxed e-con e-parent\" data-id=\"9614a3e\" data-element_type=\"container\" data-settings=\"{&quot;background_background&quot;:&quot;classic&quot;}\">\n\t\t\t\t\t<div class=\"e-con-inner\">\n\t\t<div class=\"elementor-element elementor-element-57862c5 e-con-full e-flex e-con e-child\" data-id=\"57862c5\" data-element_type=\"container\">\n\t\t\t\t<div class=\"elementor-element elementor-element-94b04f0 elementor-widget elementor-widget-heading\" data-id=\"94b04f0\" data-element_type=\"widget\" data-widget_type=\"heading.default\">\n\t\t\t\t\t<h2 class=\"elementor-heading-title elementor-size-default\">Unsere Geschichte<\/h2>\t\t\t\t<\/div>\n\t\t\t\t<div class=\"elementor-element elementor-element-fd4e2bd elementor-widget elementor-widget-text-editor\" data-id=\"fd4e2bd\" data-element_type=\"widget\" data-widget_type=\"text-editor.default\">\n\t\t\t\t\t\t\t\t\t<p>Anmido ist ein Unternehmen, das sich auf die Bereitstellung hochwertiger Produkte spezialisiert hat, die auf die Gesundheit und Sicherheit schwangerer Frauen w\u00e4hrend der gesamten Schwangerschaft ausgerichtet sind.<\/p>\t\t\t\t\t\t\t\t<\/div>\n\t\t\t\t<\/div>\n\t\t<div class=\"elementor-element elementor-element-1f573fb e-con-full elementor-hidden-mobile e-flex e-con e-child\" data-id=\"1f573fb\" data-element_type=\"container\">\n\t\t\t\t<\/div>\n\t\t\t\t\t<\/div>\n\t\t\t\t<\/div>\n\t\t<div class=\"elementor-element elementor-element-f2f1c30 e-flex e-con-boxed e-con e-parent\" data-id=\"f2f1c30\" data-element_type=\"container\">\n\t\t\t\t\t<div class=\"e-con-inner\">\n\t\t<div class=\"elementor-element elementor-element-96dbe4c e-con-full e-flex e-con e-child\" data-id=\"96dbe4c\" data-element_type=\"container\">\n\t\t\t\t<div class=\"elementor-element elementor-element-7041187 elementor-widget elementor-widget-heading\" data-id=\"7041187\" data-element_type=\"widget\" data-widget_type=\"heading.default\">\n\t\t\t\t\t<h2 class=\"elementor-heading-title elementor-size-default\">Unsere Mission<\/h2>\t\t\t\t<\/div>\n\t\t\t\t<div class=\"elementor-element elementor-element-e735cab elementor-widget elementor-widget-text-editor\" data-id=\"e735cab\" data-element_type=\"widget\" data-widget_type=\"text-editor.default\">\n\t\t\t\t\t\t\t\t\t<p>Mit der Mission, werdenden M\u00fcttern hochwertige, wirksame und beruhigende Produkte anzubieten, ist Anmido st\u00e4ndig bestrebt, Produkte zu erforschen und zu entwickeln, die den Bed\u00fcrfnissen und der Gesundheit von Frauen in dieser entscheidenden Phase gerecht werden.<\/p>\t\t\t\t\t\t\t\t<\/div>\n\t\t\t\t<div class=\"elementor-element elementor-element-4f8583d elementor-widget elementor-widget-text-editor\" data-id=\"4f8583d\" data-element_type=\"widget\" data-widget_type=\"text-editor.default\">\n\t\t\t\t\t\t\t\t\t<p>Die Produkte von Anmido werden sorgf\u00e4ltig aus nat\u00fcrlichen, sicheren Inhaltsstoffen ausgew\u00e4hlt, die weder der Mutter noch dem Baby schaden und schwangeren Frauen helfen, w\u00e4hrend der gesamten Schwangerschaft eine optimale Gesundheit zu bewahren.<\/p>\t\t\t\t\t\t\t\t<\/div>\n\t\t\t\t<div class=\"elementor-element elementor-element-fa788dd elementor-widget elementor-widget-text-editor\" data-id=\"fa788dd\" data-element_type=\"widget\" data-widget_type=\"text-editor.default\">\n\t\t\t\t\t\t\t\t\t<p>Mit einem Team aus erfahrenen Experten, \u00c4rzten und Forschern engagiert sich Anmido daf\u00fcr, Produkte anzubieten, die nicht nur gesundheitliche Bed\u00fcrfnisse erf\u00fcllen, sondern auch die psychische Gesundheit unterst\u00fctzen und werdenden M\u00fcttern ein Gef\u00fchl der Sicherheit w\u00e4hrend der Schwangerschaft geben.<\/p>\t\t\t\t\t\t\t\t<\/div>\n\t\t\t\t<\/div>\n\t\t<div class=\"elementor-element elementor-element-76d9162 e-con-full e-flex e-con e-child\" data-id=\"76d9162\" data-element_type=\"container\">\n\t\t\t\t<div class=\"elementor-element elementor-element-afcdc69 elementor-widget elementor-widget-image\" data-id=\"afcdc69\" data-element_type=\"widget\" data-widget_type=\"image.default\">\n\t\t\t\t\t\t\t\t\t\t\t\t\t\t\t<img fetchpriority=\"high\" decoding=\"async\" width=\"800\" height=\"795\" src=\"https:\/\/anmido.com\/wp-content\/uploads\/2025\/09\/vitamin-1024x1017.png\" class=\"attachment-large size-large wp-image-19\" alt=\"About 1\" srcset=\"https:\/\/anmido.com\/wp-content\/uploads\/2025\/09\/vitamin-1024x1017.png 1024w, https:\/\/anmido.com\/wp-content\/uploads\/2025\/09\/vitamin-300x298.png 300w, https:\/\/anmido.com\/wp-content\/uploads\/2025\/09\/vitamin-150x150.png 150w, https:\/\/anmido.com\/wp-content\/uploads\/2025\/09\/vitamin-768x763.png 768w, https:\/\/anmido.com\/wp-content\/uploads\/2025\/09\/vitamin.png 1412w\" sizes=\"(max-width: 800px) 100vw, 800px\" \/>\t\t\t\t\t\t\t\t\t\t\t\t\t\t\t<\/div>\n\t\t\t\t<\/div>\n\t\t\t\t\t<\/div>\n\t\t\t\t<\/div>\n\t\t<div class=\"elementor-element elementor-element-ec4bac5 e-flex e-con-boxed e-con e-parent\" data-id=\"ec4bac5\" data-element_type=\"container\">\n\t\t\t\t\t<div class=\"e-con-inner\">\n\t\t<div class=\"elementor-element elementor-element-ff34437 e-con-full e-flex e-con e-child\" data-id=\"ff34437\" data-element_type=\"container\">\n\t\t\t\t<div class=\"elementor-element elementor-element-61e9bcd elementor-widget elementor-widget-image\" data-id=\"61e9bcd\" data-element_type=\"widget\" data-widget_type=\"image.default\">\n\t\t\t\t\t\t\t\t\t\t\t\t\t\t\t<img decoding=\"async\" width=\"800\" height=\"909\" src=\"https:\/\/anmido.com\/wp-content\/uploads\/2025\/09\/banner-3-min-901x1024.png\" class=\"attachment-large size-large wp-image-17\" alt=\"Image Dr\" srcset=\"https:\/\/anmido.com\/wp-content\/uploads\/2025\/09\/banner-3-min-901x1024.png 901w, https:\/\/anmido.com\/wp-content\/uploads\/2025\/09\/banner-3-min-264x300.png 264w, https:\/\/anmido.com\/wp-content\/uploads\/2025\/09\/banner-3-min-768x873.png 768w, https:\/\/anmido.com\/wp-content\/uploads\/2025\/09\/banner-3-min-1352x1536.png 1352w, https:\/\/anmido.com\/wp-content\/uploads\/2025\/09\/banner-3-min-1803x2048.png 1803w\" sizes=\"(max-width: 800px) 100vw, 800px\" \/>\t\t\t\t\t\t\t\t\t\t\t\t\t\t\t<\/div>\n\t\t\t\t<\/div>\n\t\t<div class=\"elementor-element elementor-element-3dac225 e-con-full e-flex e-con e-child\" data-id=\"3dac225\" data-element_type=\"container\">\n\t\t\t\t<div class=\"elementor-element elementor-element-77cdf8b elementor-widget elementor-widget-heading\" data-id=\"77cdf8b\" data-element_type=\"widget\" data-widget_type=\"heading.default\">\n\t\t\t\t\t<h2 class=\"elementor-heading-title elementor-size-default\">Unsere Mission<\/h2>\t\t\t\t<\/div>\n\t\t\t\t<div class=\"elementor-element elementor-element-f03627c elementor-widget elementor-widget-text-editor\" data-id=\"f03627c\" data-element_type=\"widget\" data-widget_type=\"text-editor.default\">\n\t\t\t\t\t\t\t\t\t<p>Sie suchen ein Produkt zur unterst\u00fctzenden Ern\u00e4hrung f\u00fcr Schwangere?<\/p>\t\t\t\t\t\t\t\t<\/div>\n\t\t\t\t<div class=\"elementor-element elementor-element-94139eb elementor-widget elementor-widget-text-editor\" data-id=\"94139eb\" data-element_type=\"widget\" data-widget_type=\"text-editor.default\">\n\t\t\t\t\t\t\t\t\t<p>Sie haben Angst, das falsche Produkt zu finden und Nebenwirkungen hervorzurufen?<\/p>\t\t\t\t\t\t\t\t<\/div>\n\t\t\t\t<div class=\"elementor-element elementor-element-7aa9629 elementor-widget elementor-widget-text-editor\" data-id=\"7aa9629\" data-element_type=\"widget\" data-widget_type=\"text-editor.default\">\n\t\t\t\t\t\t\t\t\t<p class=\"mb-[30px] text-base leading-relaxed text-body\" data-i18n=\"aboutus.subtd2c\">Wir sind hier, um Ihre Sorgen zu l\u00f6sen!<\/p>\t\t\t\t\t\t\t\t<\/div>\n\t\t\t\t<div class=\"elementor-element elementor-element-0567441 elementor-widget elementor-widget-text-editor\" data-id=\"0567441\" data-element_type=\"widget\" data-widget_type=\"text-editor.default\">\n\t\t\t\t\t\t\t\t\t<p class=\"mb-[30px] text-base leading-relaxed text-body\" data-i18n=\"aboutus.subtd2d\">Mit unserem Expertenteam auf diesem Gebiet haben wir n\u00fctzliche Inhaltsstoffe kombiniert, um Probleme im Zusammenhang mit der Nahrungserg\u00e4nzung schwangerer Frauen zu unterst\u00fctzen.<\/p>\t\t\t\t\t\t\t\t<\/div>\n\t\t\t\t<div class=\"elementor-element elementor-element-91ae24e elementor-widget elementor-widget-text-editor\" data-id=\"91ae24e\" data-element_type=\"widget\" data-widget_type=\"text-editor.default\">\n\t\t\t\t\t\t\t\t\t<div class=\"container\"><div class=\"-mx-4 flex flex-wrap items-center justify-between py-6\"><div class=\"order-last w-full px-4 lg:w-1\/2\"><div class=\"wow fadeInUp lg:max-w-[510px]\" data-wow-delay=\".2s\"><p class=\"mb-[30px] text-base leading-relaxed text-body\" data-i18n=\"aboutus.subtd2e\">Aus diesem Grund k\u00f6nnen Sie unsere Produkte beruhigt verwenden und m\u00fcssen sich keine Sorgen \u00fcber m\u00f6gliche Nebenwirkungen machen<\/p><\/div><\/div><\/div><\/div>\t\t\t\t\t\t\t\t<\/div>\n\t\t\t\t<\/div>\n\t\t\t\t\t<\/div>\n\t\t\t\t<\/div>\n\t\t<div class=\"elementor-element elementor-element-272d760 e-flex e-con-boxed e-con e-parent\" data-id=\"272d760\" data-element_type=\"container\">\n\t\t\t\t\t<div class=\"e-con-inner\">\n\t\t<div class=\"elementor-element elementor-element-3fb5c07 e-con-full e-flex e-con e-child\" data-id=\"3fb5c07\" data-element_type=\"container\">\n\t\t\t\t<div class=\"elementor-element elementor-element-57fe91d elementor-widget elementor-widget-heading\" data-id=\"57fe91d\" data-element_type=\"widget\" data-widget_type=\"heading.default\">\n\t\t\t\t\t<h2 class=\"elementor-heading-title elementor-size-default\">Unsere Mission<\/h2>\t\t\t\t<\/div>\n\t\t\t\t<div class=\"elementor-element elementor-element-043c005 elementor-widget elementor-widget-text-editor\" data-id=\"043c005\" data-element_type=\"widget\" data-widget_type=\"text-editor.default\">\n\t\t\t\t\t\t\t\t\t<p class=\"mb-[30px] text-base leading-relaxed text-body\" data-i18n=\"aboutus.subtd3a\">Fema vita 1 und Fema vita 2 sind unsere vorgestellten Produkte.<\/p>\t\t\t\t\t\t\t\t<\/div>\n\t\t\t\t<div class=\"elementor-element elementor-element-9d95941 elementor-widget elementor-widget-text-editor\" data-id=\"9d95941\" data-element_type=\"widget\" data-widget_type=\"text-editor.default\">\n\t\t\t\t\t\t\t\t\t<p class=\"mb-[30px] text-base leading-relaxed text-body\" data-i18n=\"aboutus.subtd3b\">Bietet ein vollst\u00e4ndiges Spektrum an 15 Vitaminen und 13 essentiellen Mineralien, um Ihren K\u00f6rper t\u00e4glich mit den N\u00e4hrstoffen zu versorgen, die er braucht.<\/p>\t\t\t\t\t\t\t\t<\/div>\n\t\t\t\t<div class=\"elementor-element elementor-element-61e0a83 elementor-widget elementor-widget-text-editor\" data-id=\"61e0a83\" data-element_type=\"widget\" data-widget_type=\"text-editor.default\">\n\t\t\t\t\t\t\t\t\t<div class=\"w-full px-4 lg:w-1\/2\"><div class=\"wow fadeInUp lg:max-w-[510px]\" data-wow-delay=\".2s\"><p class=\"mb-[30px] text-base leading-relaxed text-body\" data-i18n=\"aboutus.subtd3c\">Mit nur einer Tablette pro Tag erhalten Sie 100 % Ihrer empfohlenen Tagesdosis der meisten Vitamine.<\/p><\/div><\/div><div class=\"order-first w-full px-4 lg:order-last lg:w-1\/2\"><div class=\"wow fadeInUp relative z-10 mx-auto mb-14 w-full max-w-[470px] lg:mr-0 lg:mb-0\" data-wow-delay=\".3s\">\u00a0<\/div><\/div>\t\t\t\t\t\t\t\t<\/div>\n\t\t\t\t<\/div>\n\t\t<div class=\"elementor-element elementor-element-1de8da0 e-con-full e-flex e-con e-child\" data-id=\"1de8da0\" data-element_type=\"container\">\n\t\t\t\t<div class=\"elementor-element elementor-element-4c9324d elementor-widget elementor-widget-image\" data-id=\"4c9324d\" data-element_type=\"widget\" data-widget_type=\"image.default\">\n\t\t\t\t\t\t\t\t\t\t\t\t\t\t\t<img decoding=\"async\" width=\"800\" height=\"872\" src=\"https:\/\/anmido.com\/wp-content\/uploads\/2025\/09\/producthome-939x1024.png\" class=\"attachment-large size-large wp-image-22\" alt=\"Image Dr\" srcset=\"https:\/\/anmido.com\/wp-content\/uploads\/2025\/09\/producthome-939x1024.png 939w, https:\/\/anmido.com\/wp-content\/uploads\/2025\/09\/producthome-275x300.png 275w, https:\/\/anmido.com\/wp-content\/uploads\/2025\/09\/producthome-768x838.png 768w, https:\/\/anmido.com\/wp-content\/uploads\/2025\/09\/producthome.png 1363w\" sizes=\"(max-width: 800px) 100vw, 800px\" \/>\t\t\t\t\t\t\t\t\t\t\t\t\t\t\t<\/div>\n\t\t\t\t<\/div>\n\t\t\t\t\t<\/div>\n\t\t\t\t<\/div>\n\t\t\t\t<\/div>\n\t\t","protected":false},"excerpt":{"rendered":"<p>Unsere Geschichte Anmido ist ein Unternehmen, das sich auf die Bereitstellung hochwertiger Produkte spezialisiert hat, die auf die Gesundheit und Sicherheit schwangerer Frauen w\u00e4hrend der gesamten Schwangerschaft ausgerichtet sind. Unsere Mission Mit der Mission, werdenden M\u00fcttern hochwertige, wirksame und beruhigende Produkte anzubieten, ist Anmido st\u00e4ndig bestrebt, Produkte zu erforschen und zu entwickeln, die den Bed\u00fcrfnissen [&hellip;]<\/p>\n","protected":false},"author":1,"featured_media":0,"parent":0,"menu_order":0,"comment_status":"closed","ping_status":"closed","template":"elementor_header_footer","meta":{"_eb_attr":"","footnotes":""},"class_list":["post-43","page","type-page","status-publish","hentry"],"rttpg_featured_image_url":null,"rttpg_author":{"display_name":"anmido","author_link":"https:\/\/anmido.com\/?author=1"},"rttpg_comment":0,"rttpg_category":null,"rttpg_excerpt":"Unsere Geschichte Anmido ist ein Unternehmen, das sich auf die Bereitstellung hochwertiger Produkte spezialisiert hat, die auf die Gesundheit und Sicherheit schwangerer Frauen w\u00e4hrend der gesamten Schwangerschaft ausgerichtet sind. Unsere Mission Mit der Mission, werdenden M\u00fcttern hochwertige, wirksame und beruhigende Produkte anzubieten, ist Anmido st\u00e4ndig bestrebt, Produkte zu erforschen und zu entwickeln, die den Bed\u00fcrfnissen&hellip;","_links":{"self":[{"href":"https:\/\/anmido.com\/index.php?rest_route=\/wp\/v2\/pages\/43","targetHints":{"allow":["GET"]}}],"collection":[{"href":"https:\/\/anmido.com\/index.php?rest_route=\/wp\/v2\/pages"}],"about":[{"href":"https:\/\/anmido.com\/index.php?rest_route=\/wp\/v2\/types\/page"}],"author":[{"embeddable":true,"href":"https:\/\/anmido.com\/index.php?rest_route=\/wp\/v2\/users\/1"}],"replies":[{"embeddable":true,"href":"https:\/\/anmido.com\/index.php?rest_route=%2Fwp%2Fv2%2Fcomments&post=43"}],"version-history":[{"count":13,"href":"https:\/\/anmido.com\/index.php?rest_route=\/wp\/v2\/pages\/43\/revisions"}],"predecessor-version":[{"id":166,"href":"https:\/\/anmido.com\/index.php?rest_route=\/wp\/v2\/pages\/43\/revisions\/166"}],"wp:attachment":[{"href":"https:\/\/anmido.com\/index.php?rest_route=%2Fwp%2Fv2%2Fmedia&parent=43"}],"curies":[{"name":"wp","href":"https:\/\/api.w.org\/{rel}","templated":true}]}}